{"id":1015,"date":"2025-05-19T17:51:52","date_gmt":"2025-05-19T17:51:52","guid":{"rendered":"https:\/\/mundobeauty.com.mx\/?page_id=1015"},"modified":"2025-05-19T22:45:11","modified_gmt":"2025-05-19T22:45:11","slug":"nuestro-mundo","status":"publish","type":"page","link":"https:\/\/mundobeauty.com.mx\/index.php\/nuestro-mundo\/","title":{"rendered":"NUESTRO MUNDO"},"content":{"rendered":"\t\t<div data-elementor-type=\"wp-page\" data-elementor-id=\"1015\" class=\"elementor elementor-1015\">\n\t\t\t\t<div class=\"elementor-element elementor-element-221d655 e-flex e-con-boxed e-con e-parent\" data-id=\"221d655\" data-element_type=\"container\" data-settings=\"{&quot;background_background&quot;:&quot;classic&quot;}\">\n\t\t\t\t\t<div class=\"e-con-inner\">\n\t\t<div class=\"elementor-element elementor-element-56968c4 e-con-full e-flex e-con e-child\" data-id=\"56968c4\" data-element_type=\"container\">\n\t\t\t\t<div class=\"elementor-element elementor-element-c87de02 elementor-position-top elementor-invisible elementor-widget elementor-widget-image-box\" data-id=\"c87de02\" data-element_type=\"widget\" data-settings=\"{&quot;_animation&quot;:&quot;bounceInUp&quot;}\" data-widget_type=\"image-box.default\">\n\t\t\t\t<div class=\"elementor-widget-container\">\n\t\t\t\t\t<div class=\"elementor-image-box-wrapper\"><figure class=\"elementor-image-box-img\"><img fetchpriority=\"high\" decoding=\"async\" width=\"758\" height=\"1209\" src=\"https:\/\/mundobeauty.com.mx\/wp-content\/uploads\/2025\/05\/Mujer-3.png\" class=\"attachment-full size-full wp-image-1037\" alt=\"\" srcset=\"https:\/\/mundobeauty.com.mx\/wp-content\/uploads\/2025\/05\/Mujer-3.png 758w, https:\/\/mundobeauty.com.mx\/wp-content\/uploads\/2025\/05\/Mujer-3-188x300.png 188w, https:\/\/mundobeauty.com.mx\/wp-content\/uploads\/2025\/05\/Mujer-3-642x1024.png 642w, https:\/\/mundobeauty.com.mx\/wp-content\/uploads\/2025\/05\/Mujer-3-230x367.png 230w, https:\/\/mundobeauty.com.mx\/wp-content\/uploads\/2025\/05\/Mujer-3-350x558.png 350w, https:\/\/mundobeauty.com.mx\/wp-content\/uploads\/2025\/05\/Mujer-3-480x766.png 480w\" sizes=\"(max-width: 758px) 100vw, 758px\" \/><\/figure><\/div>\t\t\t\t<\/div>\n\t\t\t\t<\/div>\n\t\t\t\t<\/div>\n\t\t<div class=\"elementor-element elementor-element-f8705b1 e-con-full e-flex elementor-invisible e-con e-child\" data-id=\"f8705b1\" data-element_type=\"container\" data-settings=\"{&quot;animation&quot;:&quot;fadeInLeft&quot;,&quot;animation_delay&quot;:300}\">\n\t\t\t\t<div class=\"elementor-element elementor-element-f509748 elementor-widget elementor-widget-heading\" data-id=\"f509748\" data-element_type=\"widget\" data-widget_type=\"heading.default\">\n\t\t\t\t<div class=\"elementor-widget-container\">\n\t\t\t\t\t<h2 class=\"elementor-heading-title elementor-size-default\">SOMOS M\u00c1S QUE UNA ACADEMIA DE BELLEZA<\/h2>\t\t\t\t<\/div>\n\t\t\t\t<\/div>\n\t\t\t\t<div class=\"elementor-element elementor-element-cdf6a1e elementor-widget elementor-widget-heading\" data-id=\"cdf6a1e\" data-element_type=\"widget\" data-widget_type=\"heading.default\">\n\t\t\t\t<div class=\"elementor-widget-container\">\n\t\t\t\t\t<h2 class=\"elementor-heading-title elementor-size-default\">\u00a1Somos una comunidad que transforma vidas!<\/h2>\t\t\t\t<\/div>\n\t\t\t\t<\/div>\n\t\t\t\t<\/div>\n\t\t\t\t\t<\/div>\n\t\t\t\t<\/div>\n\t\t<div class=\"elementor-element elementor-element-d46faab e-flex e-con-boxed e-con e-parent\" data-id=\"d46faab\" data-element_type=\"container\">\n\t\t\t\t\t<div class=\"e-con-inner\">\n\t\t<div class=\"elementor-element elementor-element-3c6f715 e-con-full e-flex e-con e-child\" data-id=\"3c6f715\" data-element_type=\"container\" data-settings=\"{&quot;background_background&quot;:&quot;classic&quot;}\">\n\t\t\t\t<\/div>\n\t\t<div class=\"elementor-element elementor-element-0cd6abc e-con-full e-flex e-con e-child\" data-id=\"0cd6abc\" data-element_type=\"container\" data-settings=\"{&quot;background_background&quot;:&quot;classic&quot;}\">\n\t\t\t\t<\/div>\n\t\t<div class=\"elementor-element elementor-element-7351a48 e-con-full e-flex e-con e-child\" data-id=\"7351a48\" data-element_type=\"container\" data-settings=\"{&quot;background_background&quot;:&quot;classic&quot;}\">\n\t\t\t\t<\/div>\n\t\t<div class=\"elementor-element elementor-element-6f9f422 e-con-full e-flex e-con e-child\" data-id=\"6f9f422\" data-element_type=\"container\" data-settings=\"{&quot;background_background&quot;:&quot;classic&quot;}\">\n\t\t\t\t<\/div>\n\t\t\t\t\t<\/div>\n\t\t\t\t<\/div>\n\t\t<div class=\"elementor-element elementor-element-d974c44 e-flex e-con-boxed elementor-invisible e-con e-parent\" data-id=\"d974c44\" data-element_type=\"container\" data-settings=\"{&quot;animation&quot;:&quot;rotateIn&quot;}\">\n\t\t\t\t\t<div class=\"e-con-inner\">\n\t\t\t\t<div class=\"elementor-element elementor-element-39a306f elementor-widget elementor-widget-spacer\" data-id=\"39a306f\" data-element_type=\"widget\" data-widget_type=\"spacer.default\">\n\t\t\t\t<div class=\"elementor-widget-container\">\n\t\t\t\t\t\t\t<div class=\"elementor-spacer\">\n\t\t\t<div class=\"elementor-spacer-inner\"><\/div>\n\t\t<\/div>\n\t\t\t\t\t\t<\/div>\n\t\t\t\t<\/div>\n\t\t\t\t<div class=\"elementor-element elementor-element-7c66499 elementor-widget elementor-widget-heading\" data-id=\"7c66499\" data-element_type=\"widget\" data-widget_type=\"heading.default\">\n\t\t\t\t<div class=\"elementor-widget-container\">\n\t\t\t\t\t<h2 class=\"elementor-heading-title elementor-size-default\">MUNDO BEAUTY<\/h2>\t\t\t\t<\/div>\n\t\t\t\t<\/div>\n\t\t\t\t<div class=\"elementor-element elementor-element-d9426a0 elementor-widget elementor-widget-text-editor\" data-id=\"d9426a0\" data-element_type=\"widget\" data-widget_type=\"text-editor.default\">\n\t\t\t\t<div class=\"elementor-widget-container\">\n\t\t\t\t\t\t\t\t\t<p class=\"\" data-start=\"261\" data-end=\"382\">En nuestra academia no solo vienes a aprender u\u00f1as, makeup, keratinas o pesta\u00f1as&#8230;<br data-start=\"344\" data-end=\"347\" \/><strong data-start=\"347\" data-end=\"379\">\ud83d\udc97Vienes a transformar tu vida<\/strong> \ud83d\udc97<\/p><p class=\"\" data-start=\"384\" data-end=\"618\">Aqu\u00ed ense\u00f1amos con pasi\u00f3n, te acompa\u00f1amos paso a paso, y te damos las herramientas para que no solo seas buena en lo que haces, sino que tengas la seguridad y el poder de <strong data-start=\"555\" data-end=\"618\">crear tu propio camino, emprender y brillar con luz propia.<\/strong><\/p><p>.<\/p>\t\t\t\t\t\t\t\t<\/div>\n\t\t\t\t<\/div>\n\t\t\t\t\t<\/div>\n\t\t\t\t<\/div>\n\t\t<div class=\"elementor-element elementor-element-b2711d9 e-flex e-con-boxed e-con e-parent\" data-id=\"b2711d9\" data-element_type=\"container\">\n\t\t\t\t\t<div class=\"e-con-inner\">\n\t\t\t\t<div class=\"elementor-element elementor-element-68077af elementor-widget elementor-widget-spacer\" data-id=\"68077af\" data-element_type=\"widget\" data-widget_type=\"spacer.default\">\n\t\t\t\t<div class=\"elementor-widget-container\">\n\t\t\t\t\t\t\t<div class=\"elementor-spacer\">\n\t\t\t<div class=\"elementor-spacer-inner\"><\/div>\n\t\t<\/div>\n\t\t\t\t\t\t<\/div>\n\t\t\t\t<\/div>\n\t\t\t\t\t<\/div>\n\t\t\t\t<\/div>\n\t\t<div class=\"elementor-element elementor-element-770f1d9 e-con-full e-flex elementor-invisible e-con e-parent\" data-id=\"770f1d9\" data-element_type=\"container\" data-settings=\"{&quot;animation&quot;:&quot;slideInUp&quot;}\">\n\t\t<div class=\"elementor-element elementor-element-0616215 e-con-full e-flex e-con e-child\" data-id=\"0616215\" data-element_type=\"container\" data-settings=\"{&quot;background_background&quot;:&quot;classic&quot;}\">\n\t\t\t\t<div class=\"elementor-element elementor-element-7aa4a6e animated-fast elementor-position-top elementor-invisible elementor-widget elementor-widget-image-box\" data-id=\"7aa4a6e\" data-element_type=\"widget\" data-settings=\"{&quot;_animation&quot;:&quot;rotateInUpRight&quot;,&quot;_animation_delay&quot;:400}\" data-widget_type=\"image-box.default\">\n\t\t\t\t<div class=\"elementor-widget-container\">\n\t\t\t\t\t<div class=\"elementor-image-box-wrapper\"><figure class=\"elementor-image-box-img\"><img decoding=\"async\" width=\"747\" height=\"704\" src=\"https:\/\/mundobeauty.com.mx\/wp-content\/uploads\/2025\/05\/NNN.png\" class=\"attachment-full size-full wp-image-1055\" alt=\"\" srcset=\"https:\/\/mundobeauty.com.mx\/wp-content\/uploads\/2025\/05\/NNN.png 747w, https:\/\/mundobeauty.com.mx\/wp-content\/uploads\/2025\/05\/NNN-300x283.png 300w, https:\/\/mundobeauty.com.mx\/wp-content\/uploads\/2025\/05\/NNN-230x217.png 230w, https:\/\/mundobeauty.com.mx\/wp-content\/uploads\/2025\/05\/NNN-350x330.png 350w, https:\/\/mundobeauty.com.mx\/wp-content\/uploads\/2025\/05\/NNN-480x452.png 480w\" sizes=\"(max-width: 747px) 100vw, 747px\" \/><\/figure><\/div>\t\t\t\t<\/div>\n\t\t\t\t<\/div>\n\t\t\t\t<div class=\"elementor-element elementor-element-7ee8669 elementor-widget elementor-widget-heading\" data-id=\"7ee8669\" data-element_type=\"widget\" data-widget_type=\"heading.default\">\n\t\t\t\t<div class=\"elementor-widget-container\">\n\t\t\t\t\t<h2 class=\"elementor-heading-title elementor-size-default\">Misi\u00f3n<\/h2>\t\t\t\t<\/div>\n\t\t\t\t<\/div>\n\t\t\t\t<div class=\"elementor-element elementor-element-89ef2c2 elementor-widget elementor-widget-text-editor\" data-id=\"89ef2c2\" data-element_type=\"widget\" data-widget_type=\"text-editor.default\">\n\t\t\t\t<div class=\"elementor-widget-container\">\n\t\t\t\t\t\t\t\t\t<p class=\"\" data-start=\"261\" data-end=\"382\">Formar profesionales integrales en el \u00e1rea de la belleza, brindando una educaci\u00f3n de calidad, actualizada y con enfoque pr\u00e1ctico, que potencie el talento y empodere a nuestras alumnas para construir un futuro exitoso en la industria de la belleza.<\/p>\t\t\t\t\t\t\t\t<\/div>\n\t\t\t\t<\/div>\n\t\t\t\t<\/div>\n\t\t<div class=\"elementor-element elementor-element-e7c7e44 e-con-full e-flex e-con e-child\" data-id=\"e7c7e44\" data-element_type=\"container\" data-settings=\"{&quot;background_background&quot;:&quot;classic&quot;}\">\n\t\t\t\t<div class=\"elementor-element elementor-element-83774f2 animated-fast elementor-position-top elementor-invisible elementor-widget elementor-widget-image-box\" data-id=\"83774f2\" data-element_type=\"widget\" data-settings=\"{&quot;_animation&quot;:&quot;rotateInUpRight&quot;,&quot;_animation_delay&quot;:400}\" data-widget_type=\"image-box.default\">\n\t\t\t\t<div class=\"elementor-widget-container\">\n\t\t\t\t\t<div class=\"elementor-image-box-wrapper\"><figure class=\"elementor-image-box-img\"><img decoding=\"async\" width=\"747\" height=\"704\" src=\"https:\/\/mundobeauty.com.mx\/wp-content\/uploads\/2025\/05\/N2.png\" class=\"attachment-full size-full wp-image-1056\" alt=\"\" srcset=\"https:\/\/mundobeauty.com.mx\/wp-content\/uploads\/2025\/05\/N2.png 747w, https:\/\/mundobeauty.com.mx\/wp-content\/uploads\/2025\/05\/N2-300x283.png 300w, https:\/\/mundobeauty.com.mx\/wp-content\/uploads\/2025\/05\/N2-230x217.png 230w, https:\/\/mundobeauty.com.mx\/wp-content\/uploads\/2025\/05\/N2-350x330.png 350w, https:\/\/mundobeauty.com.mx\/wp-content\/uploads\/2025\/05\/N2-480x452.png 480w\" sizes=\"(max-width: 747px) 100vw, 747px\" \/><\/figure><\/div>\t\t\t\t<\/div>\n\t\t\t\t<\/div>\n\t\t\t\t<div class=\"elementor-element elementor-element-f8b1993 elementor-widget elementor-widget-heading\" data-id=\"f8b1993\" data-element_type=\"widget\" data-widget_type=\"heading.default\">\n\t\t\t\t<div class=\"elementor-widget-container\">\n\t\t\t\t\t<h2 class=\"elementor-heading-title elementor-size-default\">Visi\u00f3n<\/h2>\t\t\t\t<\/div>\n\t\t\t\t<\/div>\n\t\t\t\t<div class=\"elementor-element elementor-element-a74151b elementor-widget elementor-widget-text-editor\" data-id=\"a74151b\" data-element_type=\"widget\" data-widget_type=\"text-editor.default\">\n\t\t\t\t<div class=\"elementor-widget-container\">\n\t\t\t\t\t\t\t\t\t<p class=\"\" data-start=\"261\" data-end=\"382\">Ser una academia reconocida a nivel regional por su excelencia educativa, innovaci\u00f3n en t\u00e9cnicas de belleza y compromiso con el desarrollo personal y profesional de cada estudiante, generando impacto positivo en la comunidad y en el sector est\u00e9tico.<\/p>\t\t\t\t\t\t\t\t<\/div>\n\t\t\t\t<\/div>\n\t\t\t\t<\/div>\n\t\t<div class=\"elementor-element elementor-element-46d8166 e-con-full e-flex e-con e-child\" data-id=\"46d8166\" data-element_type=\"container\" data-settings=\"{&quot;background_background&quot;:&quot;classic&quot;}\">\n\t\t\t\t<div class=\"elementor-element elementor-element-133b4b5 animated-fast elementor-position-top elementor-invisible elementor-widget elementor-widget-image-box\" data-id=\"133b4b5\" data-element_type=\"widget\" data-settings=\"{&quot;_animation&quot;:&quot;rotateInUpRight&quot;,&quot;_animation_delay&quot;:400}\" data-widget_type=\"image-box.default\">\n\t\t\t\t<div class=\"elementor-widget-container\">\n\t\t\t\t\t<div class=\"elementor-image-box-wrapper\"><figure class=\"elementor-image-box-img\"><img loading=\"lazy\" decoding=\"async\" width=\"747\" height=\"704\" src=\"https:\/\/mundobeauty.com.mx\/wp-content\/uploads\/2025\/05\/N3.png\" class=\"attachment-full size-full wp-image-1057\" alt=\"\" srcset=\"https:\/\/mundobeauty.com.mx\/wp-content\/uploads\/2025\/05\/N3.png 747w, https:\/\/mundobeauty.com.mx\/wp-content\/uploads\/2025\/05\/N3-300x283.png 300w, https:\/\/mundobeauty.com.mx\/wp-content\/uploads\/2025\/05\/N3-230x217.png 230w, https:\/\/mundobeauty.com.mx\/wp-content\/uploads\/2025\/05\/N3-350x330.png 350w, https:\/\/mundobeauty.com.mx\/wp-content\/uploads\/2025\/05\/N3-480x452.png 480w\" sizes=\"(max-width: 747px) 100vw, 747px\" \/><\/figure><\/div>\t\t\t\t<\/div>\n\t\t\t\t<\/div>\n\t\t\t\t<div class=\"elementor-element elementor-element-5c2eb61 elementor-widget elementor-widget-heading\" data-id=\"5c2eb61\" data-element_type=\"widget\" data-widget_type=\"heading.default\">\n\t\t\t\t<div class=\"elementor-widget-container\">\n\t\t\t\t\t<h2 class=\"elementor-heading-title elementor-size-default\">Valores<\/h2>\t\t\t\t<\/div>\n\t\t\t\t<\/div>\n\t\t\t\t<div class=\"elementor-element elementor-element-9c3a01a elementor-widget elementor-widget-text-editor\" data-id=\"9c3a01a\" data-element_type=\"widget\" data-widget_type=\"text-editor.default\">\n\t\t\t\t<div class=\"elementor-widget-container\">\n\t\t\t\t\t\t\t\t\t<p class=\"\" data-start=\"261\" data-end=\"382\">Nuestros valores se basan en la excelencia, la pasi\u00f3n por ense\u00f1ar y el empoderamiento de cada mujer a trav\u00e9s del conocimiento. Fomentamos la creatividad, el profesionalismo y la innovaci\u00f3n en un ambiente inclusivo, cercano y lleno de buena vibra. Aqu\u00ed impulsamos tu autenticidad y te acompa\u00f1amos a construir tu mejor versi\u00f3n.<\/p>\t\t\t\t\t\t\t\t<\/div>\n\t\t\t\t<\/div>\n\t\t\t\t<\/div>\n\t\t\t\t<\/div>\n\t\t<div class=\"elementor-element elementor-element-6c82a2c e-con-full animated-fast e-flex elementor-invisible e-con e-parent\" data-id=\"6c82a2c\" data-element_type=\"container\" data-settings=\"{&quot;shape_divider_top&quot;:&quot;opacity-fan&quot;,&quot;shape_divider_bottom&quot;:&quot;curve-asymmetrical&quot;,&quot;animation&quot;:&quot;fadeIn&quot;}\">\n\t\t\t\t<div class=\"elementor-shape elementor-shape-top\" aria-hidden=\"true\" data-negative=\"false\">\n\t\t\t<svg xmlns=\"http:\/\/www.w3.org\/2000\/svg\" viewBox=\"0 0 283.5 19.6\" preserveAspectRatio=\"none\">\n\t<path class=\"elementor-shape-fill\" style=\"opacity:0.33\" d=\"M0 0L0 18.8 141.8 4.1 283.5 18.8 283.5 0z\"\/>\n\t<path class=\"elementor-shape-fill\" style=\"opacity:0.33\" d=\"M0 0L0 12.6 141.8 4 283.5 12.6 283.5 0z\"\/>\n\t<path class=\"elementor-shape-fill\" style=\"opacity:0.33\" d=\"M0 0L0 6.4 141.8 4 283.5 6.4 283.5 0z\"\/>\n\t<path class=\"elementor-shape-fill\" d=\"M0 0L0 1.2 141.8 4 283.5 1.2 283.5 0z\"\/>\n<\/svg>\t\t<\/div>\n\t\t\t\t<div class=\"elementor-shape elementor-shape-bottom\" aria-hidden=\"true\" data-negative=\"false\">\n\t\t\t<svg xmlns=\"http:\/\/www.w3.org\/2000\/svg\" viewBox=\"0 0 1000 100\" preserveAspectRatio=\"none\">\n\t<path class=\"elementor-shape-fill\" d=\"M0,0c0,0,0,6,0,6.7c0,18,240.2,93.6,615.2,92.6C989.8,98.5,1000,25,1000,6.7c0-0.7,0-6.7,0-6.7H0z\"\/>\n<\/svg>\t\t<\/div>\n\t\t<div class=\"elementor-element elementor-element-5d5e07c e-con-full e-flex e-con e-child\" data-id=\"5d5e07c\" data-element_type=\"container\" data-settings=\"{&quot;background_background&quot;:&quot;gradient&quot;,&quot;shape_divider_top&quot;:&quot;arrow&quot;}\">\n\t\t\t\t<div class=\"elementor-shape elementor-shape-top\" aria-hidden=\"true\" data-negative=\"false\">\n\t\t\t<svg xmlns=\"http:\/\/www.w3.org\/2000\/svg\" viewBox=\"0 0 700 10\" preserveAspectRatio=\"none\">\n\t<path class=\"elementor-shape-fill\" d=\"M350,10L340,0h20L350,10z\"\/>\n<\/svg>\t\t<\/div>\n\t\t\t\t<div class=\"elementor-element elementor-element-337af4d elementor-widget elementor-widget-heading\" data-id=\"337af4d\" data-element_type=\"widget\" data-widget_type=\"heading.default\">\n\t\t\t\t<div class=\"elementor-widget-container\">\n\t\t\t\t\t<h2 class=\"elementor-heading-title elementor-size-default\">Diplomados y Cursos MB<\/h2>\t\t\t\t<\/div>\n\t\t\t\t<\/div>\n\t\t\t\t<div class=\"elementor-element elementor-element-2ff7adf elementor-align-center elementor-invisible elementor-widget elementor-widget-button\" data-id=\"2ff7adf\" data-element_type=\"widget\" data-settings=\"{&quot;_animation&quot;:&quot;jello&quot;}\" data-widget_type=\"button.default\">\n\t\t\t\t<div class=\"elementor-widget-container\">\n\t\t\t\t\t\t\t\t\t<div class=\"elementor-button-wrapper\">\n\t\t\t\t\t<a class=\"elementor-button elementor-button-link elementor-size-sm\" href=\"#\">\n\t\t\t\t\t\t<span class=\"elementor-button-content-wrapper\">\n\t\t\t\t\t\t\t\t\t<span class=\"elementor-button-text\">CONOCE NUESTRA PROPUESTA ACADEMICA<\/span>\n\t\t\t\t\t<\/span>\n\t\t\t\t\t<\/a>\n\t\t\t\t<\/div>\n\t\t\t\t\t\t\t\t<\/div>\n\t\t\t\t<\/div>\n\t\t\t\t<\/div>\n\t\t\t\t<\/div>\n\t\t\t\t<\/div>\n\t\t","protected":false},"excerpt":{"rendered":"<p>SOMOS M\u00c1S QUE UNA ACADEMIA DE BELLEZA \u00a1Somos una comunidad que transforma vidas! MUNDO BEAUTY En nuestra academia no solo vienes a [&hellip;]<\/p>\n","protected":false},"author":1,"featured_media":0,"parent":0,"menu_order":0,"comment_status":"closed","ping_status":"closed","template":"elementor_header_footer","meta":{"footnotes":""},"class_list":["post-1015","page","type-page","status-publish","hentry"],"_links":{"self":[{"href":"https:\/\/mundobeauty.com.mx\/index.php\/wp-json\/wp\/v2\/pages\/1015","targetHints":{"allow":["GET"]}}],"collection":[{"href":"https:\/\/mundobeauty.com.mx\/index.php\/wp-json\/wp\/v2\/pages"}],"about":[{"href":"https:\/\/mundobeauty.com.mx\/index.php\/wp-json\/wp\/v2\/types\/page"}],"author":[{"embeddable":true,"href":"https:\/\/mundobeauty.com.mx\/index.php\/wp-json\/wp\/v2\/users\/1"}],"replies":[{"embeddable":true,"href":"https:\/\/mundobeauty.com.mx\/index.php\/wp-json\/wp\/v2\/comments?post=1015"}],"version-history":[{"count":37,"href":"https:\/\/mundobeauty.com.mx\/index.php\/wp-json\/wp\/v2\/pages\/1015\/revisions"}],"predecessor-version":[{"id":1072,"href":"https:\/\/mundobeauty.com.mx\/index.php\/wp-json\/wp\/v2\/pages\/1015\/revisions\/1072"}],"wp:attachment":[{"href":"https:\/\/mundobeauty.com.mx\/index.php\/wp-json\/wp\/v2\/media?parent=1015"}],"curies":[{"name":"wp","href":"https:\/\/api.w.org\/{rel}","templated":true}]}}